{"id":140,"date":"2017-10-06T10:37:17","date_gmt":"2017-10-06T10:37:17","guid":{"rendered":"http:\/\/hospitourism.com\/?page_id=140"},"modified":"2019-06-11T03:14:22","modified_gmt":"2019-06-10T20:14:22","slug":"le_cafe","status":"publish","type":"page","link":"https:\/\/hospitourism.com\/index.php\/le_cafe\/","title":{"rendered":"Le Caf\u00e9"},"content":{"rendered":"<p>Le Caf\u00e9 dibuka pertama kali di Universitas Katolik Indonesia Atma Jaya Kampus Semanggi pada Selasa, 20 Agustus 2013<a href=\"https:\/\/atmajaya.ac.id\/Web\/KontenFakultas.aspx?gid=berita-fakultas&amp;ou=fiabikom&amp;cid=SOFT-LAUNCHING-LE-CAFE\" name=\"_ftnref1\">[1]<\/a>. Terletak di lokasi yang cukup strategis, yaitu di gedung BKS lantai dasar, tempat yang selalu dilewati oleh mahasiswa saat menuju ke kantin.<\/p>\n<p>Pada Agustus 2017, Prodi Hospitality pindah ke Kampus BSD dengan turut memboyong Le Caf\u00e9. Perpindahan ini memberikan nilai lebih bagi Le Caf\u00e9 yang sekarang lebih luas dari pada di Kampus Semanggi, namun saat itu Le Caf\u00e9 masih berupa ruangan dengan pintu kaca dan dinding beton yang terletak di Gedung Annex, di kawasan Kantin Kampus BSD. Dalam waktu kurang lebih 6 minggu, Le Caf\u00e9 melakukan renovasi dan pada 7 November 2017 Le Caf\u00e9 melakukan <em>grand opening<\/em> di Kampus BSD. Kegiatan <em>grand opening<\/em> dikelola oleh mahasiswa peminatan MICE angkatan 2014.<\/p>\n<p>Kepindahan Le Caf\u00e9 di Kampus 3 BSD ini membawa menghadirkan sesuatu yang baru bagi <em>Hospitality and Tourism Management Department<\/em> dan bagi Unika Atma Jaya. Bukan sekedar tata ruangan yang kekinian, namun juga logo yang baru. Logo yang baru ini dirancang agar memberikan tampilan yang simple dan elegan dengan pilihan warna <em>monochromatic<\/em>.<\/p>\n<p><img decoding=\"async\" loading=\"lazy\" class=\"size-medium wp-image-1074 aligncenter\" src=\"http:\/\/hospitourism.com\/wp-content\/uploads\/2019\/06\/LE-CAFE-LOGO-black-transparent-300x246.png\" alt=\"\" width=\"300\" height=\"246\" srcset=\"https:\/\/hospitourism.com\/wp-content\/uploads\/2019\/06\/LE-CAFE-LOGO-black-transparent-300x246.png 300w, https:\/\/hospitourism.com\/wp-content\/uploads\/2019\/06\/LE-CAFE-LOGO-black-transparent-768x630.png 768w, https:\/\/hospitourism.com\/wp-content\/uploads\/2019\/06\/LE-CAFE-LOGO-black-transparent-1024x840.png 1024w, https:\/\/hospitourism.com\/wp-content\/uploads\/2019\/06\/LE-CAFE-LOGO-black-transparent-329x270.png 329w\" sizes=\"(max-width: 300px) 100vw, 300px\" \/><\/p>\n<p>Le Caf\u00e9 bukan sekedar <em>cafe <\/em>biasa di Unika Atma Jaya, melainkan juga merupakan sebuah laboratorium pengajaran yang dikelola dibawah <em>Hospitality and Tourism Management Department,<\/em> dimana mahasiswa mendapatkan pengalaman bekerja di industri kuliner secara langsung serta diberikan kesempatan untuk mengembangkan keterampilan dan kreatifitas baik dalam menyelesaikan masalah, dalam mengelola restoran, maupun dalam merancang menu.<\/p>\n<p><img decoding=\"async\" loading=\"lazy\" class=\"wp-image-1075 aligncenter\" src=\"http:\/\/hospitourism.com\/wp-content\/uploads\/2019\/06\/menulecafe-1-232x300.jpg\" alt=\"\" width=\"460\" height=\"595\" srcset=\"https:\/\/hospitourism.com\/wp-content\/uploads\/2019\/06\/menulecafe-1-232x300.jpg 232w, https:\/\/hospitourism.com\/wp-content\/uploads\/2019\/06\/menulecafe-1-768x994.jpg 768w, https:\/\/hospitourism.com\/wp-content\/uploads\/2019\/06\/menulecafe-1-791x1024.jpg 791w, https:\/\/hospitourism.com\/wp-content\/uploads\/2019\/06\/menulecafe-1-209x270.jpg 209w\" sizes=\"(max-width: 460px) 100vw, 460px\" \/><\/p>\n<p>Segala aktifitas di Le Caf\u00e9 dikelola oleh mahasiswa <em>Hospitality and Tourism Management Department<\/em>. Dimulai dari produksi produk makanan dan minuman, hingga manajemen dilakukan oleh mahasiswa. Selain itu, mahasiswa juga belajar caranya menyiapkan dan menyajikan minuman berbahan dasar kopi (<em>espresso<\/em>). Setiap semester anda akan menemukan sesuatu yang baru untuk dicicipi. Mahasiswa yang membuat produk baru akan mempromosikannya melalui akun media sosial resmi milik Le Caf\u00e9, yaitu <strong>instagram @lecafe.atmajaya<\/strong>. Bila anda tertarik dan ingin memesan produk Le Caf\u00e9, dapat langsung menghubungi Le Caf\u00e9 <strong>di ext. 1024<\/strong>.<\/p>\n<p><img decoding=\"async\" loading=\"lazy\" class=\"size-medium wp-image-1076 aligncenter\" src=\"http:\/\/hospitourism.com\/wp-content\/uploads\/2019\/06\/IG-Le-Cafe-190x300.jpeg\" alt=\"\" width=\"190\" height=\"300\" srcset=\"https:\/\/hospitourism.com\/wp-content\/uploads\/2019\/06\/IG-Le-Cafe-190x300.jpeg 190w, https:\/\/hospitourism.com\/wp-content\/uploads\/2019\/06\/IG-Le-Cafe-649x1024.jpeg 649w, https:\/\/hospitourism.com\/wp-content\/uploads\/2019\/06\/IG-Le-Cafe-171x270.jpeg 171w, https:\/\/hospitourism.com\/wp-content\/uploads\/2019\/06\/IG-Le-Cafe.jpeg 719w\" sizes=\"(max-width: 190px) 100vw, 190px\" \/><\/p>\n\n\n<p><\/p>\n","protected":false},"excerpt":{"rendered":"<p>Le Caf\u00e9 dibuka pertama kali di Universitas Katolik Indonesia Atma Jaya Kampus Semanggi pada Selasa, 20 Agustus 2013[1]. Terletak di lokasi yang cukup strategis, yaitu di gedung BKS lantai dasar, tempat yang selalu dilewati oleh mahasiswa saat menuju ke kantin. <a href=\"https:\/\/hospitourism.com\/index.php\/le_cafe\/\" class=\"read-more\">Read More &#8230;<\/a><\/p>\n","protected":false},"author":2,"featured_media":0,"parent":0,"menu_order":0,"comment_status":"closed","ping_status":"closed","template":"","meta":[],"_links":{"self":[{"href":"https:\/\/hospitourism.com\/index.php\/wp-json\/wp\/v2\/pages\/140"}],"collection":[{"href":"https:\/\/hospitourism.com\/index.php\/wp-json\/wp\/v2\/pages"}],"about":[{"href":"https:\/\/hospitourism.com\/index.php\/wp-json\/wp\/v2\/types\/page"}],"author":[{"embeddable":true,"href":"https:\/\/hospitourism.com\/index.php\/wp-json\/wp\/v2\/users\/2"}],"replies":[{"embeddable":true,"href":"https:\/\/hospitourism.com\/index.php\/wp-json\/wp\/v2\/comments?post=140"}],"version-history":[{"count":4,"href":"https:\/\/hospitourism.com\/index.php\/wp-json\/wp\/v2\/pages\/140\/revisions"}],"predecessor-version":[{"id":1077,"href":"https:\/\/hospitourism.com\/index.php\/wp-json\/wp\/v2\/pages\/140\/revisions\/1077"}],"wp:attachment":[{"href":"https:\/\/hospitourism.com\/index.php\/wp-json\/wp\/v2\/media?parent=140"}],"curies":[{"name":"wp","href":"https:\/\/api.w.org\/{rel}","templated":true}]}}